{"id":2503,"date":"2026-04-21T11:44:36","date_gmt":"2026-04-21T11:44:36","guid":{"rendered":"https:\/\/uzisibalkaninak.com\/?page_id=2503"},"modified":"2026-04-21T11:44:36","modified_gmt":"2026-04-21T11:44:36","slug":"o-meni","status":"publish","type":"page","link":"https:\/\/uzisibalkaninak.com\/index.php\/hr\/o-meni\/","title":{"rendered":"O meni"},"content":{"rendered":"<p>&nbsp;<\/p>\n<p style=\"text-align: center;\">Zovem se Andrea i djevojka sam iz Slova\u010dke, \u010dije srce gori ljubavlju prema Balkanu i kad god je to mogu\u0107e, provodim vrijeme tamo u svako godi\u0161nje doba i po svakom vremenu \ud83d\ude42 .<\/p>\n<p style=\"text-align: center;\"><strong>Jer Balkan nije samo more\u2026<\/strong><\/p>\n","protected":false},"excerpt":{"rendered":"<p>&nbsp; Zovem se Andrea i djevojka sam iz Slova\u010dke, \u010dije srce gori ljubavlju prema Balkanu i kad god je to mogu\u0107e, provodim vrijeme tamo u svako godi\u0161nje doba i po svakom vremenu \ud83d\ude42 . Jer Balkan nije samo more\u2026<\/p>\n","protected":false},"author":1,"featured_media":17,"parent":0,"menu_order":0,"comment_status":"closed","ping_status":"closed","template":"","meta":{"footnotes":""},"class_list":["post-2503","page","type-page","status-publish","has-post-thumbnail","hentry"],"lang":"hr","translations":{"hr":2503,"ru":2506,"sk":16,"en":2493},"pll_sync_post":{},"_links":{"self":[{"href":"https:\/\/uzisibalkaninak.com\/index.php\/wp-json\/wp\/v2\/pages\/2503","targetHints":{"allow":["GET"]}}],"collection":[{"href":"https:\/\/uzisibalkaninak.com\/index.php\/wp-json\/wp\/v2\/pages"}],"about":[{"href":"https:\/\/uzisibalkaninak.com\/index.php\/wp-json\/wp\/v2\/types\/page"}],"author":[{"embeddable":true,"href":"https:\/\/uzisibalkaninak.com\/index.php\/wp-json\/wp\/v2\/users\/1"}],"replies":[{"embeddable":true,"href":"https:\/\/uzisibalkaninak.com\/index.php\/wp-json\/wp\/v2\/comments?post=2503"}],"version-history":[{"count":1,"href":"https:\/\/uzisibalkaninak.com\/index.php\/wp-json\/wp\/v2\/pages\/2503\/revisions"}],"predecessor-version":[{"id":2505,"href":"https:\/\/uzisibalkaninak.com\/index.php\/wp-json\/wp\/v2\/pages\/2503\/revisions\/2505"}],"wp:featuredmedia":[{"embeddable":true,"href":"https:\/\/uzisibalkaninak.com\/index.php\/wp-json\/wp\/v2\/media\/17"}],"wp:attachment":[{"href":"https:\/\/uzisibalkaninak.com\/index.php\/wp-json\/wp\/v2\/media?parent=2503"}],"curies":[{"name":"wp","href":"https:\/\/api.w.org\/{rel}","templated":true}]}}